{"id":5,"date":"2022-12-23T12:04:00","date_gmt":"2022-12-23T11:04:00","guid":{"rendered":"http:\/\/www.mtsindustrie.com\/index.php\/mesmerize\/"},"modified":"2024-06-28T11:35:42","modified_gmt":"2024-06-28T09:35:42","slug":"mesmerize","status":"publish","type":"page","link":"https:\/\/www.mtsindustrie.com\/","title":{"rendered":"Front Page"},"content":{"rendered":"<div  id=\"about-1\" style=\"background-color: rgb(255, 255, 255); background-image: none;\" data-label=\"About\" data-id=\"about-1\" data-export-id=\"about-1\" data-category=\"about\" class=\"about-1 content-section\"><div  class=\"\"> <div  class=\"row text-center\"><div  class=\"section-title-col\" data-type=\"column\"> <h5  class=\"\">Depuis 11 ans<\/h5><h2  class=\"\">Mts industrie entreprise sp\u00e9cialis\u00e9e dans la maintenance, tuyauterie, soudure, travaux de s\u00e9curit\u00e9 &amp; l\u2019art du m\u00e9tal.&nbsp;Situ\u00e9e \u00e0 Aubry-du-Hainaut proche de Valenciennes nord (59).&nbsp;<\/h2>  <h2  class=\"\"><\/h2><\/div> <\/div> <div  class=\"row\"> <div  class=\"button-holder space-bottom space-bottom-small\" data-type=\"column\"> <a class=\"button color1\" href=\"https:\/\/www.instagram.com\/mtsindustrie?hl=fr\" target=\"_self\" data-cp-link=\"1\" rel=\"noopener\">Nos r\u00e9alisations<\/a><h2  class=\"\"><\/h2><\/div> <div  class=\"col-xs bottom-xs flexbox image-group-bottom-3-img space-bottom-xs center-xs\"> <img  decoding=\"async\" class=\"left-img shadow-large-black\" data-size=\"500x300\" src=\"http:\/\/www.mtsindustrie.com\/wp-content\/uploads\/2022\/12\/cropped-souduremts-scaled-1.jpg\" title=\"souduremts\" alt=\"\"> <img  decoding=\"async\" class=\"center-img shadow-large-black\" data-size=\"500x300\" src=\"http:\/\/www.mtsindustrie.com\/wp-content\/uploads\/2022\/12\/cropped-cropped-IMG_0480-1-4-1-scaled-1.jpg\" title=\"Version 2\" alt=\"\"> <img  decoding=\"async\" class=\"right-img shadow-large-black\" data-size=\"500x300\" src=\"http:\/\/www.mtsindustrie.com\/wp-content\/uploads\/2022\/12\/cropped-DEA8EA74-08A7-4E67-973D-C946771C2286.jpg\" title=\"cropped-DEA8EA74-08A7-4E67-973D-C946771C2286.jpg\" alt=\"\"><\/div> <\/div><\/div> <\/div><div  data-label=\"Features\" data-id=\"features--1\" data-export-id=\"features-13\" data-category=\"features\" class=\"features-13 content-section content-section-spacing\" id=\"features-4\" style=\"background-color: rgb(255, 255, 255); background-image: none;\"><div  class=\"gridContainer\"> <div  class=\"row text-center\"><div  class=\"section-title-col\" data-type=\"column\"> <h2  class=\"\">Nos m\u00e9tiers<\/h2> <p  class=\"lead\">Notre savoir-faire et notre expertise nous permet de proposer des services vari\u00e9s au sein de l\u2019industrie.<\/p><\/div> <\/div> <div  class=\"row spaced-cols\" data-type=\"row\"> <div  class=\"col col-sm-6 col-md-3 space-bottom\"> <i  class=\"fa icon color1 fa-wrench bordered round big\"><\/i> <h4  class=\"\">Maintenance &amp; Travaux de s\u00e9curit\u00e9<\/h4> <p  class=\"\">La maintenance n\u2019a plus de secret pour nous. nous intervenons dans le montage, d\u00e9montage, et l\u2019installation d\u2019\u00e9lements necessaires \u00e0 la production. Quant aux travaux de s\u00e9curit\u00e9 nous intervenons sur site pour des am\u00e9liorations, tel que les gardes corps, les mises en s\u00e9curit\u00e9 des machines pour la production.&nbsp;<\/p> <\/div> <div  class=\"col col-sm-6 col-md-3 space-bottom\"><i  class=\"fa icon color1 fa-chain-broken bordered round big\"><\/i> <h4  class=\"\">Tuyauterie<\/h4> <p  class=\"\">La tuyauterie, notre coeur de m\u00e9tier. Nous r\u00e9alisation tous vos chantiers en tuyauterie industrielle, de la conception \u00e0 l\u2019installation. Tuyauterie alimentaire, produits chimiques, condensat, incendie et tout types de fluides. Nous avons la possibilit\u00e9 de r\u00e9aliser la pr\u00e9paration en atelier ou sur site.&nbsp;\n<\/p> <\/div> <div  class=\"col col-sm-6 col-md-3 space-bottom\"><i  class=\"fa icon color1 fa-fire bordered round big\"><\/i> <h4  class=\"\">Soudure<\/h4> <p  class=\"\">Expert en soudure TIG. C\u2019est notre principal proc\u00e9d\u00e9 de soudage. Nous sommes aussi en capacit\u00e9 de r\u00e9aliser vos soudure MIG-MAG, ARC, et brasure. INOX-ACIER-ALUMINIUM. Mais \u00e9galemeent par Electro-fusion pour les tuyauterie PE. Nous avons la capacit\u00e9 de travailler en atelier, d\u2019intervenir sur chantier en urgence ou de facon permanente.&nbsp; &nbsp; &nbsp; &nbsp; &nbsp; &nbsp; &nbsp; &nbsp; &nbsp; &nbsp; &nbsp; &nbsp; &nbsp; &nbsp;<br >\n<\/p> <\/div> <div  class=\"col col-sm-6 col-md-3 space-bottom\"><i  class=\"fa icon fa-codepen big round bordered color1\"><\/i> <h4  class=\"\">Art du m\u00e9tal<\/h4> <p  class=\"\">Professionnel ou particulier, nous r\u00e9alisons vos projets de portail, escalier, garde-corps, meubles acier-bois ou tout autre demande sur mesure. Vos projets seront pris en charge de la conception 3D \u00e0 la r\u00e9alisation et l\u2019installation. N\u2019h\u00e9sitez pas a nous contacter pour plus d\u2019informations.<br >&nbsp; &nbsp; &nbsp; &nbsp; &nbsp; &nbsp; &nbsp; &nbsp; &nbsp;\n\n<\/p> <\/div> <\/div><\/div> <\/div><div  data-label=\"About\" data-id=\"about--1\" data-export-id=\"about-images-right-section\" data-category=\"about\" class=\"about-images-right-section content-section content-section-spacing\" id=\"about-2\" style=\"background-color: rgb(245, 250, 253);\"><div  class=\"gridContainer\"> <div  class=\"row middle-sm text-center\"><div  class=\"col-sm-5 content-left-sm\" data-type=\"column\"> <h5  class=\"\">Notre actualit\u00e9<\/h5><h2  class=\"\"><span  href=\"#\">Suivez nous toute l\u2019ann\u00e9e sur <font  face=\"Playfair Display, sans-serif\"><i >Instagram<\/i><\/font><\/span><\/h2>  <p  class=\"\">L\u2019ensemble de nos projets et r\u00e9alisations sont publi\u00e9es r\u00e9guli\u00e8rement sur notre r\u00e9seau social Instagram<\/p> <a class=\"button color1\" href=\"https:\/\/www.instagram.com\/mtsindustrie\" target=\"_blank\" data-cp-link=\"1\" rel=\"noopener\">@Mtsindustrie<\/a><\/div> <div  class=\"col-sm-7 space-bottom-xs\"><div  class=\"image-group-side-3-img\"> <a data-cp-link=\"1\" href=\"https:\/\/www.instagram.com\/p\/Cku2fVVjPXj?utm_source=ig_web_copy_link\" class=\"top-img-anchor\" target=\"_blank\" rel=\"noopener\"><img  decoding=\"async\" class=\"topimg shadow-large\" src=\"http:\/\/www.mtsindustrie.com\/wp-content\/uploads\/2023\/03\/cropped-instagram2-1.png\" title=\"instagram2\" alt=\"\"><\/a> <a data-cp-link=\"1\" href=\"https:\/\/www.instagram.com\/p\/Cfo8KoTDfLq?utm_source=ig_web_copy_link\" class=\"right-img-anchor\" target=\"_self\" rel=\"noopener\"><img  decoding=\"async\" class=\"rightimg shadow-large\" src=\"http:\/\/www.mtsindustrie.com\/wp-content\/uploads\/2023\/03\/cropped-instagram3-1.png\" title=\"instagram3\" alt=\"\"><\/a> <div  class=\"leftimg\"> <a data-cp-link=\"1\" href=\"https:\/\/www.instagram.com\/p\/CnMW_iljay9?utm_source=ig_web_copy_link\" target=\"_self\" rel=\"noopener\" class=\"\"><img  decoding=\"async\" class=\"shadow-large\" src=\"http:\/\/www.mtsindustrie.com\/wp-content\/uploads\/2023\/03\/cropped-instagram1.png\" title=\"cropped-instagram1.png\" alt=\"\"><\/a><\/div> <\/div><\/div> <\/div><\/div> <\/div>","protected":false},"excerpt":{"rendered":"<p>Depuis 11 ansMts industrie entreprise sp\u00e9cialis\u00e9e dans la maintenance, tuyauterie, soudure, travaux de s\u00e9curit\u00e9 &amp; l\u2019art du m\u00e9tal.&nbsp;Situ\u00e9e \u00e0 Aubry-du-Hainaut proche de Valenciennes nord (59).&nbsp; Nos r\u00e9alisations Nos m\u00e9tiers Notre savoir-faire et notre expertise nous permet de proposer des services vari\u00e9s au sein de l\u2019industrie. Maintenance &amp; Travaux de s\u00e9curit\u00e9 La maintenance n\u2019a plus de&hellip; <br \/> <a class=\"read-more\" href=\"https:\/\/www.mtsindustrie.com\/\">Lire la suite<\/a><\/p>\n","protected":false},"author":1,"featured_media":0,"parent":0,"menu_order":0,"comment_status":"closed","ping_status":"closed","template":"page-templates\/homepage.php","meta":{"footnotes":""},"class_list":["post-5","page","type-page","status-publish","hentry"],"_links":{"self":[{"href":"https:\/\/www.mtsindustrie.com\/index.php\/wp-json\/wp\/v2\/pages\/5","targetHints":{"allow":["GET"]}}],"collection":[{"href":"https:\/\/www.mtsindustrie.com\/index.php\/wp-json\/wp\/v2\/pages"}],"about":[{"href":"https:\/\/www.mtsindustrie.com\/index.php\/wp-json\/wp\/v2\/types\/page"}],"author":[{"embeddable":true,"href":"https:\/\/www.mtsindustrie.com\/index.php\/wp-json\/wp\/v2\/users\/1"}],"replies":[{"embeddable":true,"href":"https:\/\/www.mtsindustrie.com\/index.php\/wp-json\/wp\/v2\/comments?post=5"}],"version-history":[{"count":20,"href":"https:\/\/www.mtsindustrie.com\/index.php\/wp-json\/wp\/v2\/pages\/5\/revisions"}],"predecessor-version":[{"id":339,"href":"https:\/\/www.mtsindustrie.com\/index.php\/wp-json\/wp\/v2\/pages\/5\/revisions\/339"}],"wp:attachment":[{"href":"https:\/\/www.mtsindustrie.com\/index.php\/wp-json\/wp\/v2\/media?parent=5"}],"curies":[{"name":"wp","href":"https:\/\/api.w.org\/{rel}","templated":true}]}}